{"id":7948,"date":"2025-01-26T15:08:54","date_gmt":"2025-01-26T15:08:54","guid":{"rendered":"https:\/\/gunlisted.com\/regisztracio\/"},"modified":"2026-03-30T11:18:21","modified_gmt":"2026-03-30T11:18:21","slug":"regisztracio","status":"publish","type":"page","link":"https:\/\/gunlisted.com\/hu\/regisztracio\/","title":{"rendered":"Regisztr\u00e1ci\u00f3"},"content":{"rendered":"\t\t<div data-elementor-type=\"wp-page\" data-elementor-id=\"7948\" class=\"elementor elementor-7948 elementor-116\">\n\t\t\t\t<div class=\"elementor-element elementor-element-96b22cf e-con-full e-flex e-con e-parent\" data-id=\"96b22cf\" data-element_type=\"container\" data-e-type=\"container\">\n\t\t\t\t<div class=\"elementor-element elementor-element-8977605 elementor-widget elementor-widget-register_user_elementor\" data-id=\"8977605\" data-element_type=\"widget\" data-e-type=\"widget\" data-widget_type=\"register_user_elementor.default\">\n\t\t\t\t<div class=\"elementor-widget-container\">\n\t\t\t\t\t\r\n        <section class=\"adt-sign-up-section test\">\r\n            <div class=\"container adt-container\">\r\n                <div class=\"row\">\r\n                    <div class=\"col-lg-7 left-content\">\r\n                        <div class=\"adt-signup-left-content\">\r\n                            <img decoding=\"async\" src=\"http:\/\/gunlisted.com\/wp-content\/uploads\/2026\/03\/sign-up.png\" alt=\"login-img\">\r\n                            <h3>L\u00e9pj be GunListed fi\u00f3kodba<\/h3>\r\n                            <p>Jelentkezz be a fi\u00f3kodba a hirdet\u00e9seid kezel\u00e9s\u00e9hez vagy az elad\u00f3kkal val\u00f3 kapcsolatfelv\u00e9telhez.<\/p>\r\n                            <a href=\"https:\/\/gunlisted.com\/sign-in\/\"\r\n                               class=\"adt-theme-button-2\">Bejelentkez\u00e9s<\/a>\r\n                        <\/div>\r\n                    <\/div>\r\n                    <div class=\"col-lg-5\">\r\n                        <div class=\"adt-signup-right-content\">\r\n                            <h4>Csatlakozz a Gunlisted k\u00f6z\u00f6ss\u00e9ghez!<\/h4>\r\n                            <p>Regisztr\u00e1lj, hogy fegyverhirdet\u00e9seket b\u00f6ng\u00e9ssz vagy saj\u00e1t hirdet\u00e9seket adhass fel a GunListed piacter\u00e9n.<\/p>\r\n                                                            <form id=\"adforest-signup-form\">\r\n                                    <div class=\"row\">\r\n                                        <div class=\"col-md-6 col-lg-6\">\r\n                                            <div class=\"field-box\">\r\n                                                <label for=\"sb_reg_name\">N\u00e9v<\/label>\r\n                                                <input type=\"text\" name=\"sb_reg_name\" id=\"sb_reg_name\"\r\n                                                       placeholder=\"Add meg a neved\"\r\n                                                       data-parsley-required=\"true\"\r\n                                                       data-parsley-error-message=\"K\u00e9rlek, add meg a neved.\">\r\n                                            <\/div>\r\n                                        <\/div>\r\n                                                                                    <div class=\"col-md-6 col-lg-6\">\r\n                                                <div class=\"field-box\">\r\n                                                    <label\r\n                                                            for=\"sb_reg_contact\">Telefonsz\u00e1m<\/label>\r\n                                                    <input placeholder=\"+Orsz\u00e1gk\u00f3dTelefonsz\u00e1m\" class=\"form-control\" type=\"text\" name=\"sb_reg_contact\" data-parsley-required=\"true\" data-parsley-pattern=\"\/\\+[0-9]+$\/\" data-parsley-error-message=\"Form\u00e1tum: +Orsz\u00e1gk\u00f3dTelefonsz\u00e1m\">                                                <\/div>\r\n                                            <\/div>\r\n                                                                                <div class=\"col-lg-12\">\r\n                                            <div class=\"field-box\">\r\n                                                <label for=\"sb_reg_email\">E-mail<\/label>\r\n                                                <input type=\"text\" name=\"sb_reg_email\" id=\"sb_reg_email\"\r\n                                                       placeholder=\"Add meg az email c\u00edmed\"\r\n                                                       data-parsley-required=\"true\"\r\n                                                       data-parsley-type=\"email\"\r\n                                                       data-parsley-error-message=\"K\u00e9rlek, adj meg \u00e9rv\u00e9nyes email c\u00edmet.\">\r\n                                            <\/div>\r\n                                        <\/div>\r\n                                        <div class=\"col-md-6 col-lg-6\">\r\n                                            <div class=\"field-box\">\r\n                                                <label for=\"sb_reg_password\">Jelsz\u00f3<\/label>\r\n                                                <span class=\"sb_show_pass\"><i class=\"fa fa-eye\" aria-hidden=\"true\"><\/i><\/span><input\r\n                                                        type=\"password\" name=\"sb_reg_password\" id=\"sb_reg_password\"\r\n                                                        placeholder=\"Jelszavad\"\r\n                                                        data-parsley-required=\"true\"\r\n                                                        data-parsley-error-message=\"K\u00e9rlek, add meg a jelszavad\">\r\n                                            <\/div>\r\n                                        <\/div>\r\n                                        <div class=\"col-md-6 col-lg-6\">\r\n                                            <div class=\"field-box\">\r\n                                                <label\r\n                                                        for=\"sb_reg_password_confirm\">Jelsz\u00f3 meger\u0151s\u00edt\u00e9se<\/label>\r\n                                                <span class=\"sb_show_pass2\"><i class=\"fa fa-eye\" aria-hidden=\"true\"><\/i><\/span><input\r\n                                                        type=\"password\" name=\"sb_reg_password_confirm\"\r\n                                                        id=\"sb_reg_password_confirm\"\r\n                                                        placeholder=\"Jelsz\u00f3 meger\u0151s\u00edt\u00e9se\"\r\n                                                        data-parsley-required=\"true\"\r\n                                                        data-parsley-error-message=\"A jelszavak nem egyeznek\"\r\n                                                        data-parsley-equalto=\"#sb_reg_password\">\r\n                                            <\/div>\r\n                                        <\/div>\r\n                                        <div class=\"col-lg-12\">\r\n                                            <div class=\"pretty p-default p-curve\" style=\"margin-right: 0 !important\">\r\n                                                <input type=\"checkbox\" id=\"minimal-checkbox-1\"\r\n                                                       name=\"minimal-checkbox-1\" data-parsley-required=\"true\"\r\n                                                       data-parsley-error-message=\"K\u00e9rlek, fogadd el a felhaszn\u00e1l\u00e1si felt\u00e9teleket.\"\/>\r\n                                                <div class=\"state\">\r\n                                                    <label for=\"minimal-checkbox-1\">\r\n                                                        A regisztr\u00e1ci\u00f3val elfogadom az al\u00e1bbi dokumentumot:                                                    <\/label>\r\n                                                <\/div>\r\n                                            <\/div>\r\n                                            <a href=\"https:\/\/gunlisted.com\/privacy-policy\/\"\r\n                                               target=\"_blank\" rel=\"noopener noreferrer\" class=\"terms-link\">\r\n                                                Adatv\u00e9delmi t\u00e1j\u00e9koztat\u00f3                                            <\/a>\r\n                                        <\/div>\r\n                                        <input type=\"hidden\" value=\"no\" name=\"is_captcha\" \/>                                        <div id=\"firebase-recaptcha\"><\/div>\r\n                                        <div class=\"col-lg-12\">\r\n                                            <div class=\"field-box\">\r\n                                                <button id=\"sb_register_submit\" type=\"submit\"\r\n                                                        class=\"adt-button-dark\">Regisztr\u00e1ci\u00f3<\/button>\r\n                                                <button type=\"button\" id=\"sb_register_msg\" style=\"display: none;\"\r\n                                                        class=\"adt-button-dark\">Feldolgoz\u00e1s...<\/button>\r\n                                                <button type=\"button\" id=\"sb_register_redirect\" style=\"display: none;\"\r\n                                                        class=\"adt-button-dark\">\u00c1tir\u00e1ny\u00edt\u00e1s...<\/button>\r\n                                            <\/div>\r\n                                            <div class=\"col-lg-12\">\r\n                                                                                                                                                                                            <\/div>\r\n                                            <div class=\"botm-question-text\">\r\n                                                <span>Van m\u00e1r fi\u00f3kod?                                                    <a href=\"https:\/\/gunlisted.com\/hu\/bejelentkezes\/\">\r\n                                                        Bejelentkez\u00e9s                                                    <\/a>\r\n                                                <\/span>\r\n                                            <\/div>\r\n                                            <input type=\"hidden\" id=\"sb-register-token\"\r\n                                                   value=\"0207e5c1df\"\/>\r\n                                            <input type=\"hidden\" id=\"get_action\"\r\n                                                   value=\"register\"\/>\r\n                                        <\/div>\r\n                                    <\/div>\r\n                                <\/form>\r\n                                                    <\/div>\r\n                    <\/div>\r\n                <\/div>\r\n            <\/div>\r\n        <\/section>\r\n\r\n        \t\t\t\t<\/div>\n\t\t\t\t<\/div>\n\t\t\t\t<\/div>\n\t\t\t\t<\/div>\n\t\t","protected":false},"excerpt":{"rendered":"<p>L\u00e9pj be GunListed fi\u00f3kodba Jelentkezz be a fi\u00f3kodba a hirdet\u00e9seid kezel\u00e9s\u00e9hez vagy az elad\u00f3kkal val\u00f3 kapcsolatfelv\u00e9telhez. Bejelentkez\u00e9s Csatlakozz a Gunlisted k\u00f6z\u00f6ss\u00e9ghez! Regisztr\u00e1lj, hogy fegyverhirdet\u00e9seket b\u00f6ng\u00e9ssz vagy saj\u00e1t hirdet\u00e9seket adhass fel a GunListed piacter\u00e9n. Name Contact Number Email Password Confirm Password I agree to Adatv\u00e9delmi t\u00e1j\u00e9koztat\u00f3 Register Processing&#8230; Redirecting&#8230; Already have an account? Sign In<\/p>\n","protected":false},"author":1,"featured_media":0,"parent":0,"menu_order":0,"comment_status":"closed","ping_status":"closed","template":"","meta":{"footnotes":""},"class_list":["post-7948","page","type-page","status-publish","hentry"],"yoast_head":"<!-- This site is optimized with the Yoast SEO plugin v27.4 - https:\/\/yoast.com\/product\/yoast-seo-wordpress\/ -->\n<title>Regisztr\u00e1ci\u00f3 - Gunlisted.com<\/title>\n<meta name=\"robots\" content=\"noindex, follow, max-snippet:-1, max-image-preview:large, max-video-preview:-1\" \/>\n<meta property=\"og:locale\" content=\"hu_HU\" \/>\n<meta property=\"og:type\" content=\"article\" \/>\n<meta property=\"og:title\" content=\"Regisztr\u00e1ci\u00f3 - Gunlisted.com\" \/>\n<meta property=\"og:description\" content=\"L\u00e9pj be GunListed fi\u00f3kodba Jelentkezz be a fi\u00f3kodba a hirdet\u00e9seid kezel\u00e9s\u00e9hez vagy az elad\u00f3kkal val\u00f3 kapcsolatfelv\u00e9telhez. Bejelentkez\u00e9s Csatlakozz a Gunlisted k\u00f6z\u00f6ss\u00e9ghez! Regisztr\u00e1lj, hogy fegyverhirdet\u00e9seket b\u00f6ng\u00e9ssz vagy saj\u00e1t hirdet\u00e9seket adhass fel a GunListed piacter\u00e9n. Name Contact Number Email Password Confirm Password I agree to Adatv\u00e9delmi t\u00e1j\u00e9koztat\u00f3 Register Processing&#8230; Redirecting&#8230; Already have an account? Sign In\" \/>\n<meta property=\"og:url\" content=\"https:\/\/gunlisted.com\/hu\/regisztracio\/\" \/>\n<meta property=\"og:site_name\" content=\"Gunlisted.com\" \/>\n<meta property=\"article:modified_time\" content=\"2026-03-30T11:18:21+00:00\" \/>\n<meta property=\"og:image\" content=\"http:\/\/gunlisted.com\/wp-content\/uploads\/2026\/03\/sign-up.png\" \/>\n<meta name=\"twitter:card\" content=\"summary_large_image\" \/>\n<script type=\"application\/ld+json\" class=\"yoast-schema-graph\">{\"@context\":\"https:\\\/\\\/schema.org\",\"@graph\":[{\"@type\":\"WebPage\",\"@id\":\"https:\\\/\\\/gunlisted.com\\\/hu\\\/regisztracio\\\/\",\"url\":\"https:\\\/\\\/gunlisted.com\\\/hu\\\/regisztracio\\\/\",\"name\":\"Regisztr\u00e1ci\u00f3 - Gunlisted.com\",\"isPartOf\":{\"@id\":\"https:\\\/\\\/gunlisted.com\\\/hu\\\/#website\"},\"primaryImageOfPage\":{\"@id\":\"https:\\\/\\\/gunlisted.com\\\/hu\\\/regisztracio\\\/#primaryimage\"},\"image\":{\"@id\":\"https:\\\/\\\/gunlisted.com\\\/hu\\\/regisztracio\\\/#primaryimage\"},\"thumbnailUrl\":\"http:\\\/\\\/gunlisted.com\\\/wp-content\\\/uploads\\\/2026\\\/03\\\/sign-up.png\",\"datePublished\":\"2025-01-26T15:08:54+00:00\",\"dateModified\":\"2026-03-30T11:18:21+00:00\",\"breadcrumb\":{\"@id\":\"https:\\\/\\\/gunlisted.com\\\/hu\\\/regisztracio\\\/#breadcrumb\"},\"inLanguage\":\"hu\",\"potentialAction\":[{\"@type\":\"ReadAction\",\"target\":[\"https:\\\/\\\/gunlisted.com\\\/hu\\\/regisztracio\\\/\"]}]},{\"@type\":\"ImageObject\",\"inLanguage\":\"hu\",\"@id\":\"https:\\\/\\\/gunlisted.com\\\/hu\\\/regisztracio\\\/#primaryimage\",\"url\":\"http:\\\/\\\/gunlisted.com\\\/wp-content\\\/uploads\\\/2026\\\/03\\\/sign-up.png\",\"contentUrl\":\"http:\\\/\\\/gunlisted.com\\\/wp-content\\\/uploads\\\/2026\\\/03\\\/sign-up.png\"},{\"@type\":\"BreadcrumbList\",\"@id\":\"https:\\\/\\\/gunlisted.com\\\/hu\\\/regisztracio\\\/#breadcrumb\",\"itemListElement\":[{\"@type\":\"ListItem\",\"position\":1,\"name\":\"Kezd\u0151lap\",\"item\":\"https:\\\/\\\/gunlisted.com\\\/hu\\\/\"},{\"@type\":\"ListItem\",\"position\":2,\"name\":\"Regisztr\u00e1ci\u00f3\"}]},{\"@type\":\"WebSite\",\"@id\":\"https:\\\/\\\/gunlisted.com\\\/hu\\\/#website\",\"url\":\"https:\\\/\\\/gunlisted.com\\\/hu\\\/\",\"name\":\"Gunlisted.com\",\"description\":\"Gunlisted | \u00daj \u00e9s haszn\u00e1lt fegyver ad\u00e1s-v\u00e9tel\",\"potentialAction\":[{\"@type\":\"SearchAction\",\"target\":{\"@type\":\"EntryPoint\",\"urlTemplate\":\"https:\\\/\\\/gunlisted.com\\\/hu\\\/?s={search_term_string}\"},\"query-input\":{\"@type\":\"PropertyValueSpecification\",\"valueRequired\":true,\"valueName\":\"search_term_string\"}}],\"inLanguage\":\"hu\"}]}<\/script>\n<!-- \/ Yoast SEO plugin. -->","yoast_head_json":{"title":"Regisztr\u00e1ci\u00f3 - Gunlisted.com","robots":{"index":"noindex","follow":"follow","max-snippet":"max-snippet:-1","max-image-preview":"max-image-preview:large","max-video-preview":"max-video-preview:-1"},"og_locale":"hu_HU","og_type":"article","og_title":"Regisztr\u00e1ci\u00f3 - Gunlisted.com","og_description":"L\u00e9pj be GunListed fi\u00f3kodba Jelentkezz be a fi\u00f3kodba a hirdet\u00e9seid kezel\u00e9s\u00e9hez vagy az elad\u00f3kkal val\u00f3 kapcsolatfelv\u00e9telhez. Bejelentkez\u00e9s Csatlakozz a Gunlisted k\u00f6z\u00f6ss\u00e9ghez! Regisztr\u00e1lj, hogy fegyverhirdet\u00e9seket b\u00f6ng\u00e9ssz vagy saj\u00e1t hirdet\u00e9seket adhass fel a GunListed piacter\u00e9n. Name Contact Number Email Password Confirm Password I agree to Adatv\u00e9delmi t\u00e1j\u00e9koztat\u00f3 Register Processing&#8230; Redirecting&#8230; Already have an account? Sign In","og_url":"https:\/\/gunlisted.com\/hu\/regisztracio\/","og_site_name":"Gunlisted.com","article_modified_time":"2026-03-30T11:18:21+00:00","og_image":[{"url":"http:\/\/gunlisted.com\/wp-content\/uploads\/2026\/03\/sign-up.png","type":"","width":"","height":""}],"twitter_card":"summary_large_image","schema":{"@context":"https:\/\/schema.org","@graph":[{"@type":"WebPage","@id":"https:\/\/gunlisted.com\/hu\/regisztracio\/","url":"https:\/\/gunlisted.com\/hu\/regisztracio\/","name":"Regisztr\u00e1ci\u00f3 - Gunlisted.com","isPartOf":{"@id":"https:\/\/gunlisted.com\/hu\/#website"},"primaryImageOfPage":{"@id":"https:\/\/gunlisted.com\/hu\/regisztracio\/#primaryimage"},"image":{"@id":"https:\/\/gunlisted.com\/hu\/regisztracio\/#primaryimage"},"thumbnailUrl":"http:\/\/gunlisted.com\/wp-content\/uploads\/2026\/03\/sign-up.png","datePublished":"2025-01-26T15:08:54+00:00","dateModified":"2026-03-30T11:18:21+00:00","breadcrumb":{"@id":"https:\/\/gunlisted.com\/hu\/regisztracio\/#breadcrumb"},"inLanguage":"hu","potentialAction":[{"@type":"ReadAction","target":["https:\/\/gunlisted.com\/hu\/regisztracio\/"]}]},{"@type":"ImageObject","inLanguage":"hu","@id":"https:\/\/gunlisted.com\/hu\/regisztracio\/#primaryimage","url":"http:\/\/gunlisted.com\/wp-content\/uploads\/2026\/03\/sign-up.png","contentUrl":"http:\/\/gunlisted.com\/wp-content\/uploads\/2026\/03\/sign-up.png"},{"@type":"BreadcrumbList","@id":"https:\/\/gunlisted.com\/hu\/regisztracio\/#breadcrumb","itemListElement":[{"@type":"ListItem","position":1,"name":"Kezd\u0151lap","item":"https:\/\/gunlisted.com\/hu\/"},{"@type":"ListItem","position":2,"name":"Regisztr\u00e1ci\u00f3"}]},{"@type":"WebSite","@id":"https:\/\/gunlisted.com\/hu\/#website","url":"https:\/\/gunlisted.com\/hu\/","name":"Gunlisted.com","description":"Gunlisted | \u00daj \u00e9s haszn\u00e1lt fegyver ad\u00e1s-v\u00e9tel","potentialAction":[{"@type":"SearchAction","target":{"@type":"EntryPoint","urlTemplate":"https:\/\/gunlisted.com\/hu\/?s={search_term_string}"},"query-input":{"@type":"PropertyValueSpecification","valueRequired":true,"valueName":"search_term_string"}}],"inLanguage":"hu"}]}},"_links":{"self":[{"href":"https:\/\/gunlisted.com\/hu\/wp-json\/wp\/v2\/pages\/7948","targetHints":{"allow":["GET"]}}],"collection":[{"href":"https:\/\/gunlisted.com\/hu\/wp-json\/wp\/v2\/pages"}],"about":[{"href":"https:\/\/gunlisted.com\/hu\/wp-json\/wp\/v2\/types\/page"}],"author":[{"embeddable":true,"href":"https:\/\/gunlisted.com\/hu\/wp-json\/wp\/v2\/users\/1"}],"replies":[{"embeddable":true,"href":"https:\/\/gunlisted.com\/hu\/wp-json\/wp\/v2\/comments?post=7948"}],"version-history":[{"count":5,"href":"https:\/\/gunlisted.com\/hu\/wp-json\/wp\/v2\/pages\/7948\/revisions"}],"predecessor-version":[{"id":8262,"href":"https:\/\/gunlisted.com\/hu\/wp-json\/wp\/v2\/pages\/7948\/revisions\/8262"}],"wp:attachment":[{"href":"https:\/\/gunlisted.com\/hu\/wp-json\/wp\/v2\/media?parent=7948"}],"curies":[{"name":"wp","href":"https:\/\/api.w.org\/{rel}","templated":true}]}}