{"id":7943,"date":"2025-01-26T14:51:28","date_gmt":"2025-01-26T14:51:28","guid":{"rendered":"https:\/\/gunlisted.com\/bejelentkezes\/"},"modified":"2026-03-30T11:54:32","modified_gmt":"2026-03-30T11:54:32","slug":"bejelentkezes","status":"publish","type":"page","link":"https:\/\/gunlisted.com\/hu\/bejelentkezes\/","title":{"rendered":"Bejelentkez\u00e9s"},"content":{"rendered":"\t\t<div data-elementor-type=\"wp-page\" data-elementor-id=\"7943\" class=\"elementor elementor-7943 elementor-110\">\n\t\t\t\t<div class=\"elementor-element elementor-element-4c5c5b5 e-con-full e-flex e-con e-parent\" data-id=\"4c5c5b5\" data-element_type=\"container\" data-e-type=\"container\">\n\t\t\t\t<div class=\"elementor-element elementor-element-a131eff elementor-widget elementor-widget-login_user_elementor\" data-id=\"a131eff\" data-element_type=\"widget\" data-e-type=\"widget\" data-widget_type=\"login_user_elementor.default\">\n\t\t\t\t<div class=\"elementor-widget-container\">\n\t\t\t\t\t\r\n        <section class=\"adt-sign-up-section\">\r\n            <div class=\"container adt-container\">\r\n                <div class=\"row\">\r\n                    <div class=\"col-lg-7 left-content\">\r\n                        <div class=\"adt-signup-left-content\">\r\n                            <img decoding=\"async\" src=\"http:\/\/gunlisted.com\/wp-content\/uploads\/2026\/03\/sign-in-1.png\" alt=\"login-img\">\r\n                            <h3>M\u00e9g nincs fi\u00f3kod?<\/h3>\r\n                            <p>Hozz l\u00e9tre GunListed fi\u00f3kot, \u00e9s kezdd el haszn\u00e1lni a fegyverhirdet\u0151 piacteret. Gyors regisztr\u00e1ci\u00f3 ut\u00e1n b\u00f6ng\u00e9szheted a hirdet\u00e9seket vagy adhatsz fel hirdet\u00e9st.<\/p>\r\n                            <a href=\"https:\/\/gunlisted.com\/sign-up\/\"\r\n                               class=\"adt-theme-button-2\">Regisztr\u00e1ci\u00f3<\/a>\r\n                        <\/div>\r\n                    <\/div>\r\n                    <div class=\"col-lg-5\">\r\n                        <div class=\"adt-signup-right-content\">\r\n                            <h4>\u00dcdv \u00fajra a Gunlisteden!<\/h4>\r\n                            <p>M\u00e1r regisztr\u00e1lt\u00e1l? Jelentkezz be fi\u00f3kodba a hirdet\u00e9seid kezel\u00e9s\u00e9hez \u00e9s az \u00e9rtes\u00edt\u00e9seid ellen\u0151rz\u00e9s\u00e9hez.  <\/p>\r\n                                                            <form id=\"adforest_login_user\" data-parsley-validate>\r\n                                    <div class=\"row\">\r\n                                        <div class=\"col-lg-12\">\r\n                                            <div class=\"field-box\">\r\n                                                <label for=\"sb_reg_email\">E-mail<\/label>\r\n                                                <input type=\"email\" name=\"sb_reg_email\" id=\"sb_reg_email\"\r\n                                                       placeholder=\"Add meg az email c\u00edmed\"\r\n                                                       required\r\n                                                       data-parsley-type=\"email\">\r\n                                            <\/div>\r\n                                        <\/div>\r\n                                        <div class=\"col-lg-12\">\r\n                                            <div class=\"field-box\">\r\n                                                <label for=\"sb_reg_password\">Jelsz\u00f3<\/label>\r\n                                                <span class=\"sb_show_pass\"><i class=\"fa fa-eye\" aria-hidden=\"true\"><\/i><\/span>\r\n                                                <input type=\"password\" name=\"sb_reg_password\" id=\"sb_reg_password\"\r\n                                                       placeholder=\"Jelszavad\"\r\n                                                       required>\r\n                                            <\/div>\r\n                                        <\/div>\r\n                                        <div class=\"col-lg-12\">\r\n                                            <div class=\"form-check\">\r\n                                                <div class=\"pretty p-default p-curve\">\r\n                                                    <input type=\"checkbox\" name=\"is_remember\"\r\n                                                           id=\"is_remember\"\/>\r\n                                                    <div class=\"state\">\r\n                                                        <label>Eml\u00e9kezz r\u00e1m<\/label>\r\n                                                    <\/div>\r\n                                                <\/div>\r\n                                                <div class=\"field-box\">\r\n                                                    <div class=\"forget-password\">\r\n                                                        <a href=\"#\" data-bs-toggle=\"modal\"\r\n                                                           data-bs-target=\"#forgot_password_modal\">\r\n                                                            Elfelejtett jelsz\u00f3                                                        <\/a>\r\n                                                    <\/div>\r\n                                                <\/div>\r\n                                            <\/div>\r\n                                        <\/div>\r\n                                        <div class=\"form-group\"><div class=\"g-recaptcha\" data-sitekey=\"6LdMPpcsAAAAANqN-P-Rtued-MI8-cPct5EqZ9Zv\"><\/div><\/div><input type=\"hidden\" value=\"yes\" name=\"is_captcha\" \/>                                        <div class=\"col-lg-12\">\r\n                                            <div class=\"field-box\">\r\n                                                <button type=\"submit\" id=\"adforest_login_button\"\r\n                                                        class=\"adt-button-dark\">\r\n                                                    Bejelentkez\u00e9s                                                    <i id='login-spinner-icon' class=\"fa fa-circle-o-notch fa-spin\"\r\n                                                       style=\"display: none; color: #fff;\"><\/i>\r\n                                                <\/button>\r\n                                                <input type=\"hidden\" id=\"sb-login-token\"\r\n                                                       value=\"e9fd9ba55c\"\/>\r\n                                            <\/div>\r\n                                            <div class=\"col-lg-12\">\r\n                                                                                                                                                                                            <\/div>\r\n                                            <div class=\"botm-question-text\">\r\n                                            <span>Nincs m\u00e9g fi\u00f3kod?                                                <a href=\"https:\/\/gunlisted.com\/hu\/regisztracio\/\"\r\n                                                >Regisztr\u00e1ci\u00f3<\/a>\r\n                                            <\/span>\r\n                                            <\/div>\r\n                                        <\/div>\r\n                                    <\/div>\r\n                                    <input type=\"hidden\" id=\"get_action\"\r\n                                           value=\"login\"\/>\r\n                                <\/form>\r\n                                                    <\/div>\r\n                    <\/div>\r\n                <\/div>\r\n            <\/div>\r\n        <\/section>\r\n        \t\t\t\t<\/div>\n\t\t\t\t<\/div>\n\t\t\t\t<\/div>\n\t\t\t\t<\/div>\n\t\t","protected":false},"excerpt":{"rendered":"<p>M\u00e9g nincs fi\u00f3kod? Hozz l\u00e9tre GunListed fi\u00f3kot, \u00e9s kezdd el haszn\u00e1lni a fegyverhirdet\u0151 piacteret. Gyors regisztr\u00e1ci\u00f3 ut\u00e1n b\u00f6ng\u00e9szheted a hirdet\u00e9seket vagy adhatsz fel hirdet\u00e9st. Regisztr\u00e1ci\u00f3 \u00dcdv \u00fajra a Gunlisteden! M\u00e1r regisztr\u00e1lt\u00e1l? Jelentkezz be fi\u00f3kodba a hirdet\u00e9seid kezel\u00e9s\u00e9hez \u00e9s az \u00e9rtes\u00edt\u00e9seid ellen\u0151rz\u00e9s\u00e9hez. Email Password Remember Me Forget Password Sign In Don&#039;t have an account? Sign Up<\/p>\n","protected":false},"author":1,"featured_media":0,"parent":0,"menu_order":0,"comment_status":"closed","ping_status":"closed","template":"","meta":{"footnotes":""},"class_list":["post-7943","page","type-page","status-publish","hentry"],"yoast_head":"<!-- This site is optimized with the Yoast SEO plugin v27.4 - https:\/\/yoast.com\/product\/yoast-seo-wordpress\/ -->\n<title>Bejelentkez\u00e9s - Gunlisted.com<\/title>\n<meta name=\"robots\" content=\"noindex, follow, max-snippet:-1, max-image-preview:large, max-video-preview:-1\" \/>\n<meta property=\"og:locale\" content=\"hu_HU\" \/>\n<meta property=\"og:type\" content=\"article\" \/>\n<meta property=\"og:title\" content=\"Bejelentkez\u00e9s - Gunlisted.com\" \/>\n<meta property=\"og:description\" content=\"M\u00e9g nincs fi\u00f3kod? Hozz l\u00e9tre GunListed fi\u00f3kot, \u00e9s kezdd el haszn\u00e1lni a fegyverhirdet\u0151 piacteret. Gyors regisztr\u00e1ci\u00f3 ut\u00e1n b\u00f6ng\u00e9szheted a hirdet\u00e9seket vagy adhatsz fel hirdet\u00e9st. Regisztr\u00e1ci\u00f3 \u00dcdv \u00fajra a Gunlisteden! M\u00e1r regisztr\u00e1lt\u00e1l? Jelentkezz be fi\u00f3kodba a hirdet\u00e9seid kezel\u00e9s\u00e9hez \u00e9s az \u00e9rtes\u00edt\u00e9seid ellen\u0151rz\u00e9s\u00e9hez. Email Password Remember Me Forget Password Sign In Don&#039;t have an account? Sign Up\" \/>\n<meta property=\"og:url\" content=\"https:\/\/gunlisted.com\/hu\/bejelentkezes\/\" \/>\n<meta property=\"og:site_name\" content=\"Gunlisted.com\" \/>\n<meta property=\"article:modified_time\" content=\"2026-03-30T11:54:32+00:00\" \/>\n<meta property=\"og:image\" content=\"http:\/\/gunlisted.com\/wp-content\/uploads\/2026\/03\/Gunlisted-feat-image-eng-1-1024x536.png\" \/>\n<meta name=\"twitter:card\" content=\"summary_large_image\" \/>\n<script type=\"application\/ld+json\" class=\"yoast-schema-graph\">{\"@context\":\"https:\\\/\\\/schema.org\",\"@graph\":[{\"@type\":\"WebPage\",\"@id\":\"https:\\\/\\\/gunlisted.com\\\/hu\\\/bejelentkezes\\\/\",\"url\":\"https:\\\/\\\/gunlisted.com\\\/hu\\\/bejelentkezes\\\/\",\"name\":\"Bejelentkez\u00e9s - Gunlisted.com\",\"isPartOf\":{\"@id\":\"https:\\\/\\\/gunlisted.com\\\/hu\\\/#website\"},\"primaryImageOfPage\":{\"@id\":\"https:\\\/\\\/gunlisted.com\\\/hu\\\/bejelentkezes\\\/#primaryimage\"},\"image\":{\"@id\":\"https:\\\/\\\/gunlisted.com\\\/hu\\\/bejelentkezes\\\/#primaryimage\"},\"thumbnailUrl\":\"http:\\\/\\\/gunlisted.com\\\/wp-content\\\/uploads\\\/2026\\\/03\\\/sign-in-1.png\",\"datePublished\":\"2025-01-26T14:51:28+00:00\",\"dateModified\":\"2026-03-30T11:54:32+00:00\",\"breadcrumb\":{\"@id\":\"https:\\\/\\\/gunlisted.com\\\/hu\\\/bejelentkezes\\\/#breadcrumb\"},\"inLanguage\":\"hu\",\"potentialAction\":[{\"@type\":\"ReadAction\",\"target\":[\"https:\\\/\\\/gunlisted.com\\\/hu\\\/bejelentkezes\\\/\"]}]},{\"@type\":\"ImageObject\",\"inLanguage\":\"hu\",\"@id\":\"https:\\\/\\\/gunlisted.com\\\/hu\\\/bejelentkezes\\\/#primaryimage\",\"url\":\"http:\\\/\\\/gunlisted.com\\\/wp-content\\\/uploads\\\/2026\\\/03\\\/sign-in-1.png\",\"contentUrl\":\"http:\\\/\\\/gunlisted.com\\\/wp-content\\\/uploads\\\/2026\\\/03\\\/sign-in-1.png\"},{\"@type\":\"BreadcrumbList\",\"@id\":\"https:\\\/\\\/gunlisted.com\\\/hu\\\/bejelentkezes\\\/#breadcrumb\",\"itemListElement\":[{\"@type\":\"ListItem\",\"position\":1,\"name\":\"Kezd\u0151lap\",\"item\":\"https:\\\/\\\/gunlisted.com\\\/hu\\\/\"},{\"@type\":\"ListItem\",\"position\":2,\"name\":\"Bejelentkez\u00e9s\"}]},{\"@type\":\"WebSite\",\"@id\":\"https:\\\/\\\/gunlisted.com\\\/hu\\\/#website\",\"url\":\"https:\\\/\\\/gunlisted.com\\\/hu\\\/\",\"name\":\"Gunlisted.com\",\"description\":\"Gunlisted | \u00daj \u00e9s haszn\u00e1lt fegyver ad\u00e1s-v\u00e9tel\",\"potentialAction\":[{\"@type\":\"SearchAction\",\"target\":{\"@type\":\"EntryPoint\",\"urlTemplate\":\"https:\\\/\\\/gunlisted.com\\\/hu\\\/?s={search_term_string}\"},\"query-input\":{\"@type\":\"PropertyValueSpecification\",\"valueRequired\":true,\"valueName\":\"search_term_string\"}}],\"inLanguage\":\"hu\"}]}<\/script>\n<!-- \/ Yoast SEO plugin. -->","yoast_head_json":{"title":"Bejelentkez\u00e9s - Gunlisted.com","robots":{"index":"noindex","follow":"follow","max-snippet":"max-snippet:-1","max-image-preview":"max-image-preview:large","max-video-preview":"max-video-preview:-1"},"og_locale":"hu_HU","og_type":"article","og_title":"Bejelentkez\u00e9s - Gunlisted.com","og_description":"M\u00e9g nincs fi\u00f3kod? Hozz l\u00e9tre GunListed fi\u00f3kot, \u00e9s kezdd el haszn\u00e1lni a fegyverhirdet\u0151 piacteret. Gyors regisztr\u00e1ci\u00f3 ut\u00e1n b\u00f6ng\u00e9szheted a hirdet\u00e9seket vagy adhatsz fel hirdet\u00e9st. Regisztr\u00e1ci\u00f3 \u00dcdv \u00fajra a Gunlisteden! M\u00e1r regisztr\u00e1lt\u00e1l? Jelentkezz be fi\u00f3kodba a hirdet\u00e9seid kezel\u00e9s\u00e9hez \u00e9s az \u00e9rtes\u00edt\u00e9seid ellen\u0151rz\u00e9s\u00e9hez. Email Password Remember Me Forget Password Sign In Don&#039;t have an account? Sign Up","og_url":"https:\/\/gunlisted.com\/hu\/bejelentkezes\/","og_site_name":"Gunlisted.com","article_modified_time":"2026-03-30T11:54:32+00:00","og_image":[{"url":"http:\/\/gunlisted.com\/wp-content\/uploads\/2026\/03\/Gunlisted-feat-image-eng-1-1024x536.png","type":"","width":"","height":""}],"twitter_card":"summary_large_image","schema":{"@context":"https:\/\/schema.org","@graph":[{"@type":"WebPage","@id":"https:\/\/gunlisted.com\/hu\/bejelentkezes\/","url":"https:\/\/gunlisted.com\/hu\/bejelentkezes\/","name":"Bejelentkez\u00e9s - Gunlisted.com","isPartOf":{"@id":"https:\/\/gunlisted.com\/hu\/#website"},"primaryImageOfPage":{"@id":"https:\/\/gunlisted.com\/hu\/bejelentkezes\/#primaryimage"},"image":{"@id":"https:\/\/gunlisted.com\/hu\/bejelentkezes\/#primaryimage"},"thumbnailUrl":"http:\/\/gunlisted.com\/wp-content\/uploads\/2026\/03\/sign-in-1.png","datePublished":"2025-01-26T14:51:28+00:00","dateModified":"2026-03-30T11:54:32+00:00","breadcrumb":{"@id":"https:\/\/gunlisted.com\/hu\/bejelentkezes\/#breadcrumb"},"inLanguage":"hu","potentialAction":[{"@type":"ReadAction","target":["https:\/\/gunlisted.com\/hu\/bejelentkezes\/"]}]},{"@type":"ImageObject","inLanguage":"hu","@id":"https:\/\/gunlisted.com\/hu\/bejelentkezes\/#primaryimage","url":"http:\/\/gunlisted.com\/wp-content\/uploads\/2026\/03\/sign-in-1.png","contentUrl":"http:\/\/gunlisted.com\/wp-content\/uploads\/2026\/03\/sign-in-1.png"},{"@type":"BreadcrumbList","@id":"https:\/\/gunlisted.com\/hu\/bejelentkezes\/#breadcrumb","itemListElement":[{"@type":"ListItem","position":1,"name":"Kezd\u0151lap","item":"https:\/\/gunlisted.com\/hu\/"},{"@type":"ListItem","position":2,"name":"Bejelentkez\u00e9s"}]},{"@type":"WebSite","@id":"https:\/\/gunlisted.com\/hu\/#website","url":"https:\/\/gunlisted.com\/hu\/","name":"Gunlisted.com","description":"Gunlisted | \u00daj \u00e9s haszn\u00e1lt fegyver ad\u00e1s-v\u00e9tel","potentialAction":[{"@type":"SearchAction","target":{"@type":"EntryPoint","urlTemplate":"https:\/\/gunlisted.com\/hu\/?s={search_term_string}"},"query-input":{"@type":"PropertyValueSpecification","valueRequired":true,"valueName":"search_term_string"}}],"inLanguage":"hu"}]}},"_links":{"self":[{"href":"https:\/\/gunlisted.com\/hu\/wp-json\/wp\/v2\/pages\/7943","targetHints":{"allow":["GET"]}}],"collection":[{"href":"https:\/\/gunlisted.com\/hu\/wp-json\/wp\/v2\/pages"}],"about":[{"href":"https:\/\/gunlisted.com\/hu\/wp-json\/wp\/v2\/types\/page"}],"author":[{"embeddable":true,"href":"https:\/\/gunlisted.com\/hu\/wp-json\/wp\/v2\/users\/1"}],"replies":[{"embeddable":true,"href":"https:\/\/gunlisted.com\/hu\/wp-json\/wp\/v2\/comments?post=7943"}],"version-history":[{"count":8,"href":"https:\/\/gunlisted.com\/hu\/wp-json\/wp\/v2\/pages\/7943\/revisions"}],"predecessor-version":[{"id":8284,"href":"https:\/\/gunlisted.com\/hu\/wp-json\/wp\/v2\/pages\/7943\/revisions\/8284"}],"wp:attachment":[{"href":"https:\/\/gunlisted.com\/hu\/wp-json\/wp\/v2\/media?parent=7943"}],"curies":[{"name":"wp","href":"https:\/\/api.w.org\/{rel}","templated":true}]}}