{"id":7908,"date":"2025-04-28T11:24:11","date_gmt":"2025-04-28T11:24:11","guid":{"rendered":"https:\/\/gunlisted.com\/kapcsolat\/"},"modified":"2026-03-30T11:18:23","modified_gmt":"2026-03-30T11:18:23","slug":"kapcsolat","status":"publish","type":"page","link":"https:\/\/gunlisted.com\/hu\/kapcsolat\/","title":{"rendered":"Kapcsolat"},"content":{"rendered":"\t\t<div data-elementor-type=\"wp-page\" data-elementor-id=\"7908\" class=\"elementor elementor-7908 elementor-1151\">\n\t\t\t\t<div class=\"elementor-element elementor-element-52495ea e-con-full e-flex e-con e-parent\" data-id=\"52495ea\" data-element_type=\"container\" data-e-type=\"container\">\n\t\t\t\t<div class=\"elementor-element elementor-element-d14ef59 elementor-widget elementor-widget-contact_us_elementor\" data-id=\"d14ef59\" data-element_type=\"widget\" data-e-type=\"widget\" data-widget_type=\"contact_us_elementor.default\">\n\t\t\t\t<div class=\"elementor-widget-container\">\n\t\t\t\t\t\r\n        <section class=\"adt-contact-us-section\">\r\n            <div class=\"container adt-container\">\r\n                <div class=\"row\">\r\n                    <div class=\"col-lg-6 col-xl-7\">\r\n                        <div class=\"adt-contact-left-content\">\r\n                            <h3>Maradj kapcsolatban a GunListeddel!<\/h3>\r\n                            <p>K\u00f6vess minket a k\u00f6z\u00f6ss\u00e9gi m\u00e9dia fel\u00fcleteinken, hogy els\u0151k\u00e9nt \u00e9rtes\u00fclj az \u00faj hirdet\u00e9sekr\u0151l, a friss\u00edt\u00e9sekr\u0151l \u00e9s a piacteret \u00e9rint\u0151 fontos inform\u00e1ci\u00f3kr\u00f3l!<\/p>\r\n                            <ul class=\"social-links\">\r\n                                                                        <li>\r\n                                            <a href=\"\">\r\n                                                <i class=\"fab fa-facebook-f\"><\/i>\r\n                                            <\/a>\r\n                                        <\/li>\r\n                                                                            <li>\r\n                                            <a href=\"\">\r\n                                                <i class=\"fab fa-x-twitter\"><\/i>\r\n                                            <\/a>\r\n                                        <\/li>\r\n                                                                            <li>\r\n                                            <a href=\"\">\r\n                                                <i class=\"fab fa-tiktok\"><\/i>\r\n                                            <\/a>\r\n                                        <\/li>\r\n                                                                            <li>\r\n                                            <a href=\"\">\r\n                                                <i class=\"fab fa-instagram\"><\/i>\r\n                                            <\/a>\r\n                                        <\/li>\r\n                                                                <\/ul>\r\n                            <div class=\"img-box\">\r\n                                <img decoding=\"async\" src=\"http:\/\/gunlisted.com\/wp-content\/uploads\/2026\/03\/gunlisted-kapcsolat-transparent.png\" alt=\"contact-us-img\">\r\n                            <\/div>\r\n                        <\/div>\r\n                    <\/div>\r\n                    <div class=\"col-lg-6 col-xl-5\">\r\n                        <div class=\"adt-contact-right-content\">\r\n                            <h4>L\u00e9pj vel\u00fcnk kapcsolatba<\/h4>\r\n                            <p>K\u00e9rd\u00e9sed van a GunListed haszn\u00e1lat\u00e1val kapcsolatban?\nSeg\u00edts\u00e9gre van sz\u00fcks\u00e9ged a hirdet\u00e9sfelad\u00e1shoz vagy a fi\u00f3kod kezel\u00e9s\u00e9hez?\n\nK\u00fcldj nek\u00fcnk \u00fczenetet, \u00e9s a lehet\u0151 leghamarabb v\u00e1laszolunk!<\/p>\r\n                            \n<div class=\"wpcf7 no-js\" id=\"wpcf7-f17-o1\" lang=\"hu-HU\" dir=\"ltr\" data-wpcf7-id=\"17\">\n<div class=\"screen-reader-response\"><p role=\"status\" aria-live=\"polite\" aria-atomic=\"true\"><\/p> <ul><\/ul><\/div>\n<form action=\"\/hu\/wp-json\/wp\/v2\/pages\/7908#wpcf7-f17-o1\" method=\"post\" class=\"wpcf7-form init\" aria-label=\"Kapcsolatfelv\u00e9teli \u0171rlap\" novalidate=\"novalidate\" data-status=\"init\">\n<fieldset class=\"hidden-fields-container\"><input type=\"hidden\" name=\"_wpcf7\" value=\"17\" \/><input type=\"hidden\" name=\"_wpcf7_version\" value=\"6.1.5\" \/><input type=\"hidden\" name=\"_wpcf7_locale\" value=\"hu_HU\" \/><input type=\"hidden\" name=\"_wpcf7_unit_tag\" value=\"wpcf7-f17-o1\" \/><input type=\"hidden\" name=\"_wpcf7_container_post\" value=\"0\" \/><input type=\"hidden\" name=\"_wpcf7_posted_data_hash\" value=\"\" \/>\n<\/fieldset>\n<p><label> Teljes n\u00e9v<br \/>\n<span class=\"wpcf7-form-control-wrap\" data-name=\"your-name\"><input size=\"40\" maxlength=\"400\" class=\"wpcf7-form-control wpcf7-text wpcf7-validates-as-required\" autocomplete=\"name\" aria-required=\"true\" aria-invalid=\"false\" value=\"\" type=\"text\" name=\"your-name\" \/><\/span> <\/label>\n<\/p>\n<p><label> E-mail c\u00edm<br \/>\n<span class=\"wpcf7-form-control-wrap\" data-name=\"your-email\"><input size=\"40\" maxlength=\"400\" class=\"wpcf7-form-control wpcf7-email wpcf7-validates-as-required wpcf7-text wpcf7-validates-as-email\" autocomplete=\"email\" aria-required=\"true\" aria-invalid=\"false\" value=\"\" type=\"email\" name=\"your-email\" \/><\/span> <\/label>\n<\/p>\n<p><label> Telefonsz\u00e1m (nem k\u00f6telez\u0151)<br \/>\n<span class=\"wpcf7-form-control-wrap\" data-name=\"your-phone\"><input size=\"40\" maxlength=\"400\" class=\"wpcf7-form-control wpcf7-tel wpcf7-text wpcf7-validates-as-tel\" autocomplete=\"tel\" aria-invalid=\"false\" value=\"\" type=\"tel\" name=\"your-phone\" \/><\/span> <\/label>\n<\/p>\n<p><label> \u00dczenet (nem k\u00f6telez\u0151)<br \/>\n<span class=\"wpcf7-form-control-wrap\" data-name=\"your-message\"><textarea cols=\"40\" rows=\"10\" maxlength=\"2000\" class=\"wpcf7-form-control wpcf7-textarea\" aria-invalid=\"false\" name=\"your-message\"><\/textarea><\/span> <\/label>\n<\/p>\n<p><span class=\"wpcf7-form-control-wrap\" data-name=\"acceptance-101\"><span class=\"wpcf7-form-control wpcf7-acceptance\"><span class=\"wpcf7-list-item\"><label><input type=\"checkbox\" name=\"acceptance-101\" value=\"1\" aria-invalid=\"false\" \/><span class=\"wpcf7-list-item-label\">Az <a href=\"\/privacy-policy\/\" target=\"_blank\">Adatkezel\u00e9si t\u00e1j\u00e9koztat\u00f3t<\/a> megismertem \u00e9s elfogadom.<\/span><\/label><\/span><\/span><\/span>\n<\/p>\n<p><input class=\"wpcf7-form-control wpcf7-submit has-spinner\" type=\"submit\" value=\"\u00dczenet k\u00fcld\u00e9se\" \/>\n<\/p><div class=\"wpcf7-response-output\" aria-hidden=\"true\"><\/div>\n<\/form>\n<\/div>\n                        <\/div>\r\n                    <\/div>\r\n                    <div class=\"col-lg-12\">\r\n                        <div class=\"contact-info-heading\">\r\n                            <h3>Kapcsolati adatok<\/h3>\r\n                            <p>Ha seg\u00edts\u00e9gre van sz\u00fcks\u00e9ged, vagy k\u00e9rd\u00e9sed mer\u00fclt fel, az al\u00e1bbi el\u00e9rhet\u0151s\u00e9geken \u00e9rhetsz el minket. Csapatunk \u00f6r\u00f6mmel seg\u00edt a GunListed platform haszn\u00e1lat\u00e1val kapcsolatos k\u00e9rd\u00e9sekben.<\/p>\r\n                        <\/div>\r\n                    <\/div>\r\n                    <div class=\"col-md-6 col-lg-4\">\r\n                        <div class=\"contact-info-box\">\r\n                            <div class=\"icon-box\">\r\n                                <i class=\"fas fa-map-marker-alt\"><\/i>\r\n                            <\/div>\r\n                            <div class=\"meta-box\">\r\n                                <h5>C\u00edm<\/h5>\r\n                                <p>International Noel Nawab Street,<\/p><p>Los Alamitos, CA 90720, USA<\/p>                            <\/div>\r\n                        <\/div>\r\n                    <\/div>\r\n                    <div class=\"col-md-6 col-lg-4\">\r\n                        <div class=\"contact-info-box\">\r\n                            <div class=\"icon-box\">\r\n                                <i class=\"fas fa-phone\"><\/i>\r\n                            <\/div>\r\n                            <div class=\"meta-box\">\r\n                                <h5>Telefon<\/h5>\r\n                                <p>+75 123 456 789<\/p><p>+55 987 654 321<\/p>                            <\/div>\r\n                        <\/div>\r\n                    <\/div>\r\n                    <div class=\"col-md-6 col-lg-4\">\r\n                        <div class=\"contact-info-box\">\r\n                            <div class=\"icon-box\">\r\n                                <i class=\"fas fa-envelope\"><\/i>\r\n                            <\/div>\r\n                            <div class=\"meta-box\">\r\n                                <h5>E-mail c\u00edm<\/h5>\r\n                                <p><a href=\"mailto:info@gunlisted.com\">info@gunlisted.com<\/a><\/p>                            <\/div>\r\n                        <\/div>\r\n                    <\/div>\r\n                <\/div>\r\n            <\/div>\r\n        <\/section>\r\n\r\n        \t\t\t\t<\/div>\n\t\t\t\t<\/div>\n\t\t\t\t<\/div>\n\t\t\t\t<\/div>\n\t\t","protected":false},"excerpt":{"rendered":"<p>Maradj kapcsolatban a GunListeddel! K\u00f6vess minket a k\u00f6z\u00f6ss\u00e9gi m\u00e9dia fel\u00fcleteinken, hogy els\u0151k\u00e9nt \u00e9rtes\u00fclj az \u00faj hirdet\u00e9sekr\u0151l, a friss\u00edt\u00e9sekr\u0151l \u00e9s a piacteret \u00e9rint\u0151 fontos inform\u00e1ci\u00f3kr\u00f3l! L\u00e9pj vel\u00fcnk kapcsolatba K\u00e9rd\u00e9sed van a GunListed haszn\u00e1lat\u00e1val kapcsolatban? Seg\u00edts\u00e9gre van sz\u00fcks\u00e9ged a hirdet\u00e9sfelad\u00e1shoz vagy a fi\u00f3kod kezel\u00e9s\u00e9hez? K\u00fcldj nek\u00fcnk \u00fczenetet, \u00e9s a lehet\u0151 leghamarabb v\u00e1laszolunk! Full name E-mail Phone number [&hellip;]<\/p>\n","protected":false},"author":1,"featured_media":8243,"parent":0,"menu_order":0,"comment_status":"closed","ping_status":"closed","template":"","meta":{"footnotes":""},"class_list":["post-7908","page","type-page","status-publish","has-post-thumbnail","hentry"],"yoast_head":"<!-- This site is optimized with the Yoast SEO plugin v27.4 - https:\/\/yoast.com\/product\/yoast-seo-wordpress\/ -->\n<title>Kapcsolat - Gunlisted.com<\/title>\n<meta name=\"description\" content=\"K\u00e9rd\u00e9sed van az ad\u00e1sv\u00e9tellel kapcsolatban a GunListeden? Fordulj \u00fcgyf\u00e9lszolg\u00e1latunkhoz szak\u00e9rt\u0151 seg\u00edts\u00e9g\u00e9rt a fi\u00f3koddal, hirdet\u00e9seiddel kapcsolatban.\" \/>\n<meta name=\"robots\" content=\"noindex, follow, max-snippet:-1, max-image-preview:large, max-video-preview:-1\" \/>\n<meta property=\"og:locale\" content=\"hu_HU\" \/>\n<meta property=\"og:type\" content=\"article\" \/>\n<meta property=\"og:title\" content=\"Gunlisted kapcsolat\" \/>\n<meta property=\"og:description\" content=\"K\u00e9rd\u00e9sed van az ad\u00e1sv\u00e9tellel kapcsolatban a GunListeden? Fordulj \u00fcgyf\u00e9lszolg\u00e1latunkhoz szak\u00e9rt\u0151 seg\u00edts\u00e9g\u00e9rt a fi\u00f3koddal, hirdet\u00e9seiddel kapcsolatban.\" \/>\n<meta property=\"og:url\" content=\"https:\/\/gunlisted.com\/hu\/kapcsolat\/\" \/>\n<meta property=\"og:site_name\" content=\"Gunlisted.com\" \/>\n<meta property=\"article:modified_time\" content=\"2026-03-30T11:18:23+00:00\" \/>\n<meta property=\"og:image\" content=\"http:\/\/gunlisted.com\/wp-content\/uploads\/2026\/03\/Gunlisted-feat-image-eng-1024x536.png\" \/>\n<meta name=\"twitter:card\" content=\"summary_large_image\" \/>\n<meta name=\"twitter:label1\" content=\"Becs\u00fclt olvas\u00e1si id\u0151\" \/>\n\t<meta name=\"twitter:data1\" content=\"1 perc\" \/>\n<script type=\"application\/ld+json\" class=\"yoast-schema-graph\">{\"@context\":\"https:\\\/\\\/schema.org\",\"@graph\":[{\"@type\":\"WebPage\",\"@id\":\"https:\\\/\\\/gunlisted.com\\\/hu\\\/kapcsolat\\\/\",\"url\":\"https:\\\/\\\/gunlisted.com\\\/hu\\\/kapcsolat\\\/\",\"name\":\"Kapcsolat - Gunlisted.com\",\"isPartOf\":{\"@id\":\"https:\\\/\\\/gunlisted.com\\\/hu\\\/#website\"},\"primaryImageOfPage\":{\"@id\":\"https:\\\/\\\/gunlisted.com\\\/hu\\\/kapcsolat\\\/#primaryimage\"},\"image\":{\"@id\":\"https:\\\/\\\/gunlisted.com\\\/hu\\\/kapcsolat\\\/#primaryimage\"},\"thumbnailUrl\":\"https:\\\/\\\/gunlisted.com\\\/wp-content\\\/uploads\\\/2026\\\/03\\\/Gunlisted-feat-image-eng-1.png\",\"datePublished\":\"2025-04-28T11:24:11+00:00\",\"dateModified\":\"2026-03-30T11:18:23+00:00\",\"description\":\"K\u00e9rd\u00e9sed van az ad\u00e1sv\u00e9tellel kapcsolatban a GunListeden? Fordulj \u00fcgyf\u00e9lszolg\u00e1latunkhoz szak\u00e9rt\u0151 seg\u00edts\u00e9g\u00e9rt a fi\u00f3koddal, hirdet\u00e9seiddel kapcsolatban.\",\"breadcrumb\":{\"@id\":\"https:\\\/\\\/gunlisted.com\\\/hu\\\/kapcsolat\\\/#breadcrumb\"},\"inLanguage\":\"hu\",\"potentialAction\":[{\"@type\":\"ReadAction\",\"target\":[\"https:\\\/\\\/gunlisted.com\\\/hu\\\/kapcsolat\\\/\"]}]},{\"@type\":\"ImageObject\",\"inLanguage\":\"hu\",\"@id\":\"https:\\\/\\\/gunlisted.com\\\/hu\\\/kapcsolat\\\/#primaryimage\",\"url\":\"https:\\\/\\\/gunlisted.com\\\/wp-content\\\/uploads\\\/2026\\\/03\\\/Gunlisted-feat-image-eng-1.png\",\"contentUrl\":\"https:\\\/\\\/gunlisted.com\\\/wp-content\\\/uploads\\\/2026\\\/03\\\/Gunlisted-feat-image-eng-1.png\",\"width\":1200,\"height\":628,\"caption\":\"Gunlisted fegyverhirdet\u0151 piact\u00e9r\"},{\"@type\":\"BreadcrumbList\",\"@id\":\"https:\\\/\\\/gunlisted.com\\\/hu\\\/kapcsolat\\\/#breadcrumb\",\"itemListElement\":[{\"@type\":\"ListItem\",\"position\":1,\"name\":\"Kezd\u0151lap\",\"item\":\"http:\\\/\\\/gunlisted.com\\\/hu\\\/\"},{\"@type\":\"ListItem\",\"position\":2,\"name\":\"Kapcsolat\"}]},{\"@type\":\"WebSite\",\"@id\":\"https:\\\/\\\/gunlisted.com\\\/hu\\\/#website\",\"url\":\"https:\\\/\\\/gunlisted.com\\\/hu\\\/\",\"name\":\"Gunlisted.com\",\"description\":\"Gunlisted | \u00daj \u00e9s haszn\u00e1lt fegyver ad\u00e1s-v\u00e9tel\",\"potentialAction\":[{\"@type\":\"SearchAction\",\"target\":{\"@type\":\"EntryPoint\",\"urlTemplate\":\"https:\\\/\\\/gunlisted.com\\\/hu\\\/?s={search_term_string}\"},\"query-input\":{\"@type\":\"PropertyValueSpecification\",\"valueRequired\":true,\"valueName\":\"search_term_string\"}}],\"inLanguage\":\"hu\"}]}<\/script>\n<!-- \/ Yoast SEO plugin. -->","yoast_head_json":{"title":"Kapcsolat - Gunlisted.com","description":"K\u00e9rd\u00e9sed van az ad\u00e1sv\u00e9tellel kapcsolatban a GunListeden? Fordulj \u00fcgyf\u00e9lszolg\u00e1latunkhoz szak\u00e9rt\u0151 seg\u00edts\u00e9g\u00e9rt a fi\u00f3koddal, hirdet\u00e9seiddel kapcsolatban.","robots":{"index":"noindex","follow":"follow","max-snippet":"max-snippet:-1","max-image-preview":"max-image-preview:large","max-video-preview":"max-video-preview:-1"},"og_locale":"hu_HU","og_type":"article","og_title":"Gunlisted kapcsolat","og_description":"K\u00e9rd\u00e9sed van az ad\u00e1sv\u00e9tellel kapcsolatban a GunListeden? Fordulj \u00fcgyf\u00e9lszolg\u00e1latunkhoz szak\u00e9rt\u0151 seg\u00edts\u00e9g\u00e9rt a fi\u00f3koddal, hirdet\u00e9seiddel kapcsolatban.","og_url":"https:\/\/gunlisted.com\/hu\/kapcsolat\/","og_site_name":"Gunlisted.com","article_modified_time":"2026-03-30T11:18:23+00:00","og_image":[{"url":"http:\/\/gunlisted.com\/wp-content\/uploads\/2026\/03\/Gunlisted-feat-image-eng-1024x536.png","type":"","width":"","height":""}],"twitter_card":"summary_large_image","twitter_misc":{"Becs\u00fclt olvas\u00e1si id\u0151":"1 perc"},"schema":{"@context":"https:\/\/schema.org","@graph":[{"@type":"WebPage","@id":"https:\/\/gunlisted.com\/hu\/kapcsolat\/","url":"https:\/\/gunlisted.com\/hu\/kapcsolat\/","name":"Kapcsolat - Gunlisted.com","isPartOf":{"@id":"https:\/\/gunlisted.com\/hu\/#website"},"primaryImageOfPage":{"@id":"https:\/\/gunlisted.com\/hu\/kapcsolat\/#primaryimage"},"image":{"@id":"https:\/\/gunlisted.com\/hu\/kapcsolat\/#primaryimage"},"thumbnailUrl":"https:\/\/gunlisted.com\/wp-content\/uploads\/2026\/03\/Gunlisted-feat-image-eng-1.png","datePublished":"2025-04-28T11:24:11+00:00","dateModified":"2026-03-30T11:18:23+00:00","description":"K\u00e9rd\u00e9sed van az ad\u00e1sv\u00e9tellel kapcsolatban a GunListeden? Fordulj \u00fcgyf\u00e9lszolg\u00e1latunkhoz szak\u00e9rt\u0151 seg\u00edts\u00e9g\u00e9rt a fi\u00f3koddal, hirdet\u00e9seiddel kapcsolatban.","breadcrumb":{"@id":"https:\/\/gunlisted.com\/hu\/kapcsolat\/#breadcrumb"},"inLanguage":"hu","potentialAction":[{"@type":"ReadAction","target":["https:\/\/gunlisted.com\/hu\/kapcsolat\/"]}]},{"@type":"ImageObject","inLanguage":"hu","@id":"https:\/\/gunlisted.com\/hu\/kapcsolat\/#primaryimage","url":"https:\/\/gunlisted.com\/wp-content\/uploads\/2026\/03\/Gunlisted-feat-image-eng-1.png","contentUrl":"https:\/\/gunlisted.com\/wp-content\/uploads\/2026\/03\/Gunlisted-feat-image-eng-1.png","width":1200,"height":628,"caption":"Gunlisted fegyverhirdet\u0151 piact\u00e9r"},{"@type":"BreadcrumbList","@id":"https:\/\/gunlisted.com\/hu\/kapcsolat\/#breadcrumb","itemListElement":[{"@type":"ListItem","position":1,"name":"Kezd\u0151lap","item":"http:\/\/gunlisted.com\/hu\/"},{"@type":"ListItem","position":2,"name":"Kapcsolat"}]},{"@type":"WebSite","@id":"https:\/\/gunlisted.com\/hu\/#website","url":"https:\/\/gunlisted.com\/hu\/","name":"Gunlisted.com","description":"Gunlisted | \u00daj \u00e9s haszn\u00e1lt fegyver ad\u00e1s-v\u00e9tel","potentialAction":[{"@type":"SearchAction","target":{"@type":"EntryPoint","urlTemplate":"https:\/\/gunlisted.com\/hu\/?s={search_term_string}"},"query-input":{"@type":"PropertyValueSpecification","valueRequired":true,"valueName":"search_term_string"}}],"inLanguage":"hu"}]}},"_links":{"self":[{"href":"https:\/\/gunlisted.com\/hu\/wp-json\/wp\/v2\/pages\/7908","targetHints":{"allow":["GET"]}}],"collection":[{"href":"https:\/\/gunlisted.com\/hu\/wp-json\/wp\/v2\/pages"}],"about":[{"href":"https:\/\/gunlisted.com\/hu\/wp-json\/wp\/v2\/types\/page"}],"author":[{"embeddable":true,"href":"https:\/\/gunlisted.com\/hu\/wp-json\/wp\/v2\/users\/1"}],"replies":[{"embeddable":true,"href":"https:\/\/gunlisted.com\/hu\/wp-json\/wp\/v2\/comments?post=7908"}],"version-history":[{"count":10,"href":"https:\/\/gunlisted.com\/hu\/wp-json\/wp\/v2\/pages\/7908\/revisions"}],"predecessor-version":[{"id":8265,"href":"https:\/\/gunlisted.com\/hu\/wp-json\/wp\/v2\/pages\/7908\/revisions\/8265"}],"wp:featuredmedia":[{"embeddable":true,"href":"https:\/\/gunlisted.com\/hu\/wp-json\/wp\/v2\/media\/8243"}],"wp:attachment":[{"href":"https:\/\/gunlisted.com\/hu\/wp-json\/wp\/v2\/media?parent=7908"}],"curies":[{"name":"wp","href":"https:\/\/api.w.org\/{rel}","templated":true}]}}