{"id":7885,"date":"2026-03-02T13:54:39","date_gmt":"2026-03-02T13:54:39","guid":{"rendered":"https:\/\/gunlisted.com\/fiokom\/"},"modified":"2026-03-30T11:03:21","modified_gmt":"2026-03-30T11:03:21","slug":"fiokom","status":"publish","type":"page","link":"https:\/\/gunlisted.com\/hu\/fiokom\/","title":{"rendered":"Fi\u00f3kom"},"content":{"rendered":"<div class=\"woocommerce\"><\/div>\n","protected":false},"excerpt":{"rendered":"","protected":false},"author":1,"featured_media":8243,"parent":0,"menu_order":0,"comment_status":"closed","ping_status":"closed","template":"","meta":{"footnotes":""},"class_list":["post-7885","page","type-page","status-publish","has-post-thumbnail","hentry"],"yoast_head":"<!-- This site is optimized with the Yoast SEO plugin v27.4 - https:\/\/yoast.com\/product\/yoast-seo-wordpress\/ -->\n<title>Fi\u00f3kom - Gunlisted.com<\/title>\n<meta name=\"description\" content=\"L\u00e9pj be a GunListed vez\u00e9rl\u0151pultodba: kezeld hirdet\u00e9seidet, friss\u00edtsd profilodat \u00e9s k\u00f6vesd el\u0151fizet\u00e9seidet. Minden, amire sz\u00fcks\u00e9ged van, egy helyen.\" \/>\n<meta name=\"robots\" content=\"noindex, follow, max-snippet:-1, max-image-preview:large, max-video-preview:-1\" \/>\n<meta property=\"og:locale\" content=\"hu_HU\" \/>\n<meta property=\"og:type\" content=\"article\" \/>\n<meta property=\"og:title\" content=\"GunListed fi\u00f3k kezel\u00e9se\" \/>\n<meta property=\"og:description\" content=\"L\u00e9pj be a GunListed vez\u00e9rl\u0151pultodba: kezeld hirdet\u00e9seidet, friss\u00edtsd profilodat \u00e9s k\u00f6vesd el\u0151fizet\u00e9seidet. Minden, amire sz\u00fcks\u00e9ged van, egy helyen.\" \/>\n<meta property=\"og:url\" content=\"https:\/\/gunlisted.com\/hu\/fiokom\/\" \/>\n<meta property=\"og:site_name\" content=\"Gunlisted.com\" \/>\n<meta property=\"article:modified_time\" content=\"2026-03-30T11:03:21+00:00\" \/>\n<meta property=\"og:image\" content=\"http:\/\/gunlisted.com\/wp-content\/uploads\/2026\/03\/Gunlisted-feat-image-eng-1-1024x536.png\" \/>\n<meta name=\"twitter:card\" content=\"summary_large_image\" \/>\n<script type=\"application\/ld+json\" class=\"yoast-schema-graph\">{\"@context\":\"https:\\\/\\\/schema.org\",\"@graph\":[{\"@type\":\"WebPage\",\"@id\":\"https:\\\/\\\/gunlisted.com\\\/hu\\\/fiokom\\\/\",\"url\":\"https:\\\/\\\/gunlisted.com\\\/hu\\\/fiokom\\\/\",\"name\":\"Fi\u00f3kom - Gunlisted.com\",\"isPartOf\":{\"@id\":\"https:\\\/\\\/gunlisted.com\\\/hu\\\/#website\"},\"primaryImageOfPage\":{\"@id\":\"https:\\\/\\\/gunlisted.com\\\/hu\\\/fiokom\\\/#primaryimage\"},\"image\":{\"@id\":\"https:\\\/\\\/gunlisted.com\\\/hu\\\/fiokom\\\/#primaryimage\"},\"thumbnailUrl\":\"https:\\\/\\\/gunlisted.com\\\/wp-content\\\/uploads\\\/2026\\\/03\\\/Gunlisted-feat-image-eng-1.png\",\"datePublished\":\"2026-03-02T13:54:39+00:00\",\"dateModified\":\"2026-03-30T11:03:21+00:00\",\"description\":\"L\u00e9pj be a GunListed vez\u00e9rl\u0151pultodba: kezeld hirdet\u00e9seidet, friss\u00edtsd profilodat \u00e9s k\u00f6vesd el\u0151fizet\u00e9seidet. Minden, amire sz\u00fcks\u00e9ged van, egy helyen.\",\"breadcrumb\":{\"@id\":\"https:\\\/\\\/gunlisted.com\\\/hu\\\/fiokom\\\/#breadcrumb\"},\"inLanguage\":\"hu\",\"potentialAction\":[{\"@type\":\"ReadAction\",\"target\":[\"https:\\\/\\\/gunlisted.com\\\/hu\\\/fiokom\\\/\"]}]},{\"@type\":\"ImageObject\",\"inLanguage\":\"hu\",\"@id\":\"https:\\\/\\\/gunlisted.com\\\/hu\\\/fiokom\\\/#primaryimage\",\"url\":\"https:\\\/\\\/gunlisted.com\\\/wp-content\\\/uploads\\\/2026\\\/03\\\/Gunlisted-feat-image-eng-1.png\",\"contentUrl\":\"https:\\\/\\\/gunlisted.com\\\/wp-content\\\/uploads\\\/2026\\\/03\\\/Gunlisted-feat-image-eng-1.png\",\"width\":1200,\"height\":628,\"caption\":\"Gunlisted fegyverhirdet\u0151 piact\u00e9r\"},{\"@type\":\"BreadcrumbList\",\"@id\":\"https:\\\/\\\/gunlisted.com\\\/hu\\\/fiokom\\\/#breadcrumb\",\"itemListElement\":[{\"@type\":\"ListItem\",\"position\":1,\"name\":\"Kezd\u0151lap\",\"item\":\"http:\\\/\\\/gunlisted.com\\\/hu\\\/\"},{\"@type\":\"ListItem\",\"position\":2,\"name\":\"Fi\u00f3kom\"}]},{\"@type\":\"WebSite\",\"@id\":\"https:\\\/\\\/gunlisted.com\\\/hu\\\/#website\",\"url\":\"https:\\\/\\\/gunlisted.com\\\/hu\\\/\",\"name\":\"Gunlisted.com\",\"description\":\"Gunlisted | \u00daj \u00e9s haszn\u00e1lt fegyver ad\u00e1s-v\u00e9tel\",\"potentialAction\":[{\"@type\":\"SearchAction\",\"target\":{\"@type\":\"EntryPoint\",\"urlTemplate\":\"https:\\\/\\\/gunlisted.com\\\/hu\\\/?s={search_term_string}\"},\"query-input\":{\"@type\":\"PropertyValueSpecification\",\"valueRequired\":true,\"valueName\":\"search_term_string\"}}],\"inLanguage\":\"hu\"}]}<\/script>\n<!-- \/ Yoast SEO plugin. -->","yoast_head_json":{"title":"Fi\u00f3kom - Gunlisted.com","description":"L\u00e9pj be a GunListed vez\u00e9rl\u0151pultodba: kezeld hirdet\u00e9seidet, friss\u00edtsd profilodat \u00e9s k\u00f6vesd el\u0151fizet\u00e9seidet. Minden, amire sz\u00fcks\u00e9ged van, egy helyen.","robots":{"index":"noindex","follow":"follow","max-snippet":"max-snippet:-1","max-image-preview":"max-image-preview:large","max-video-preview":"max-video-preview:-1"},"og_locale":"hu_HU","og_type":"article","og_title":"GunListed fi\u00f3k kezel\u00e9se","og_description":"L\u00e9pj be a GunListed vez\u00e9rl\u0151pultodba: kezeld hirdet\u00e9seidet, friss\u00edtsd profilodat \u00e9s k\u00f6vesd el\u0151fizet\u00e9seidet. Minden, amire sz\u00fcks\u00e9ged van, egy helyen.","og_url":"https:\/\/gunlisted.com\/hu\/fiokom\/","og_site_name":"Gunlisted.com","article_modified_time":"2026-03-30T11:03:21+00:00","og_image":[{"url":"http:\/\/gunlisted.com\/wp-content\/uploads\/2026\/03\/Gunlisted-feat-image-eng-1-1024x536.png","type":"","width":"","height":""}],"twitter_card":"summary_large_image","schema":{"@context":"https:\/\/schema.org","@graph":[{"@type":"WebPage","@id":"https:\/\/gunlisted.com\/hu\/fiokom\/","url":"https:\/\/gunlisted.com\/hu\/fiokom\/","name":"Fi\u00f3kom - Gunlisted.com","isPartOf":{"@id":"https:\/\/gunlisted.com\/hu\/#website"},"primaryImageOfPage":{"@id":"https:\/\/gunlisted.com\/hu\/fiokom\/#primaryimage"},"image":{"@id":"https:\/\/gunlisted.com\/hu\/fiokom\/#primaryimage"},"thumbnailUrl":"https:\/\/gunlisted.com\/wp-content\/uploads\/2026\/03\/Gunlisted-feat-image-eng-1.png","datePublished":"2026-03-02T13:54:39+00:00","dateModified":"2026-03-30T11:03:21+00:00","description":"L\u00e9pj be a GunListed vez\u00e9rl\u0151pultodba: kezeld hirdet\u00e9seidet, friss\u00edtsd profilodat \u00e9s k\u00f6vesd el\u0151fizet\u00e9seidet. Minden, amire sz\u00fcks\u00e9ged van, egy helyen.","breadcrumb":{"@id":"https:\/\/gunlisted.com\/hu\/fiokom\/#breadcrumb"},"inLanguage":"hu","potentialAction":[{"@type":"ReadAction","target":["https:\/\/gunlisted.com\/hu\/fiokom\/"]}]},{"@type":"ImageObject","inLanguage":"hu","@id":"https:\/\/gunlisted.com\/hu\/fiokom\/#primaryimage","url":"https:\/\/gunlisted.com\/wp-content\/uploads\/2026\/03\/Gunlisted-feat-image-eng-1.png","contentUrl":"https:\/\/gunlisted.com\/wp-content\/uploads\/2026\/03\/Gunlisted-feat-image-eng-1.png","width":1200,"height":628,"caption":"Gunlisted fegyverhirdet\u0151 piact\u00e9r"},{"@type":"BreadcrumbList","@id":"https:\/\/gunlisted.com\/hu\/fiokom\/#breadcrumb","itemListElement":[{"@type":"ListItem","position":1,"name":"Kezd\u0151lap","item":"http:\/\/gunlisted.com\/hu\/"},{"@type":"ListItem","position":2,"name":"Fi\u00f3kom"}]},{"@type":"WebSite","@id":"https:\/\/gunlisted.com\/hu\/#website","url":"https:\/\/gunlisted.com\/hu\/","name":"Gunlisted.com","description":"Gunlisted | \u00daj \u00e9s haszn\u00e1lt fegyver ad\u00e1s-v\u00e9tel","potentialAction":[{"@type":"SearchAction","target":{"@type":"EntryPoint","urlTemplate":"https:\/\/gunlisted.com\/hu\/?s={search_term_string}"},"query-input":{"@type":"PropertyValueSpecification","valueRequired":true,"valueName":"search_term_string"}}],"inLanguage":"hu"}]}},"_links":{"self":[{"href":"https:\/\/gunlisted.com\/hu\/wp-json\/wp\/v2\/pages\/7885","targetHints":{"allow":["GET"]}}],"collection":[{"href":"https:\/\/gunlisted.com\/hu\/wp-json\/wp\/v2\/pages"}],"about":[{"href":"https:\/\/gunlisted.com\/hu\/wp-json\/wp\/v2\/types\/page"}],"author":[{"embeddable":true,"href":"https:\/\/gunlisted.com\/hu\/wp-json\/wp\/v2\/users\/1"}],"replies":[{"embeddable":true,"href":"https:\/\/gunlisted.com\/hu\/wp-json\/wp\/v2\/comments?post=7885"}],"version-history":[{"count":1,"href":"https:\/\/gunlisted.com\/hu\/wp-json\/wp\/v2\/pages\/7885\/revisions"}],"predecessor-version":[{"id":7961,"href":"https:\/\/gunlisted.com\/hu\/wp-json\/wp\/v2\/pages\/7885\/revisions\/7961"}],"wp:featuredmedia":[{"embeddable":true,"href":"https:\/\/gunlisted.com\/hu\/wp-json\/wp\/v2\/media\/8243"}],"wp:attachment":[{"href":"https:\/\/gunlisted.com\/hu\/wp-json\/wp\/v2\/media?parent=7885"}],"curies":[{"name":"wp","href":"https:\/\/api.w.org\/{rel}","templated":true}]}}